{"id":52517,"date":"2025-05-10T12:43:55","date_gmt":"2025-05-10T10:43:55","guid":{"rendered":"https:\/\/kalamatadancefestival.gr\/?page_id=52517"},"modified":"2025-07-14T17:52:36","modified_gmt":"2025-07-14T15:52:36","slug":"dancing-on-screen","status":"publish","type":"page","link":"https:\/\/2025.kalamatadancefestival.gr\/en\/dancing-on-screen\/","title":{"rendered":"Dancing on Screen"},"content":{"rendered":"<div class=\"wpb-content-wrapper\"><p>[vc_row css_animation=&#8221;fadeInUp&#8221; bg_type=&#8221;bg_color&#8221; bg_override=&#8221;full&#8221; bg_color_value=&#8221;#FE4C08&#8243; el_id=&#8221;titol&#8221;][vc_column][vc_column_text css=&#8221;&#8221; el_class=&#8221;divsTitol&#8221;]<\/p>\n<div class=\"headerBanner\">\n<h1><span style=\"font-weight: normal; display: block;\">KIDF<\/span>Dancing on Screen<\/h1>\n<p><img loading=\"lazy\" decoding=\"async\" class=\"alignnone wp-image-97\" src=\"https:\/\/kalamatadancefestival.gr\/wp-content\/uploads\/2022\/03\/marxador_slide.svg\" alt=\"\" width=\"107\" height=\"20\" \/><\/p>\n<\/div>\n<div class=\"dreta\"><a href=\"https:\/\/kalamatadancefestival.gr\/wp-content\/uploads\/2025\/07\/31st-KIDF-2025_Digital-Calendar-EN.pdf\" target=\"_blank\" rel=\"noopener\"><button class=\"botoArtisticNote\">Calendar of events<\/button><\/a><\/div>\n<p>[\/vc_column_text][\/vc_column][\/vc_row][vc_row full_width=&#8221;stretch_row_content_no_spaces&#8221; content_placement=&#8221;middle&#8221; css_animation=&#8221;fadeInUp&#8221; bg_type=&#8221;bg_color&#8221; bg_override=&#8221;full&#8221; bg_color_value=&#8221;#f2f2f2&#8243;][vc_column css_animation=&#8221;none&#8221; css=&#8221;.vc_custom_1621926085761{padding-top: 0px !important;background-color: #f2f2f2 !important;}&#8221; el_class=&#8221;columna1&#8243;][vc_column_text css=&#8221;.vc_custom_1747828331241{margin-bottom: 0px !important;}&#8221;]<img decoding=\"async\" style=\"display: block; width: 100%;\" src=\"https:\/\/kalamatadancefestival.gr\/wp-content\/uploads\/2025\/05\/DANCING-ON-SCREEN-Cover-1600x434-1.jpg\" \/>[\/vc_column_text][\/vc_column][\/vc_row][vc_row equal_height=&#8221;yes&#8221;][vc_column css_animation=&#8221;fadeInUp&#8221; width=&#8221;1\/2&#8243; el_class=&#8221;columna3&#8243; css=&#8221;.vc_custom_1621924248021{padding-right: 40px !important;padding-bottom: 40px !important;padding-left: 40px !important;}&#8221;][vc_column_text css=&#8221;&#8221;]<\/p>\n<h2>Dancing on Screen<\/h2>\n<p>19-27.07 | 18:00<br \/>\nKalamata Labour Centre<br \/>\n\u201cTheo Angelopoulos\u201d Amphitheatre<\/p>\n<p>&nbsp;<\/p>\n<p><strong>Free admission<\/strong><\/p>\n<p>&nbsp;<\/p>\n<p>This year, the Kalamata International Dance Festival is launching a new thematic section dedicated to the relationship between dance and the moving image.<\/p>\n<p>In constant conversation with the Festival\u2019s live performances, the <strong>Dancing on Screen<\/strong> screening program will take place daily from 19 to 27 July, 2025, at the Theo Angelopoulos Amphitheatre \/ Kalamata Labour Centre, with free admission. It is addressed to both seasoned audiences and to viewers encountering contemporary dance for the first time.<\/p>\n<p>Poetic musical films, biographical documentaries, dance-theatre fictions, and experimental works of sensory performance comprise an eclectic mosaic of films. Collectively, the screenings map the spectrum of kinetic storytelling in cinema \u2013 from documentation and reflection to hallucination and metaphor \u2013 proposing a creative dialogue between lens and body. This new section is implemented in collaboration with Delta Pi and is made possible through the exclusive sponsorship of the Qualco Foundation and the valuable support of Filmhouse \/ New Film Club of Kalamata.<\/p>\n<p>&nbsp;<\/p>\n<p><strong>Production Design<\/strong>: Konstantinos Sakkas<br \/>\n<strong>Production Coordination<\/strong>: Stella Rizou, Dimitris Koutsoumpas<br \/>\n<strong>Research, Development &amp; Copywriting<\/strong>: Rallou Avramidou<br \/>\n<strong>Production Management<\/strong>: Delta Pi<\/p>\n<p>&nbsp;<\/p>\n<p>&nbsp;<\/p>\n<p><img loading=\"lazy\" decoding=\"async\" class=\"alignnone wp-image-52526\" src=\"https:\/\/kalamatadancefestival.gr\/wp-content\/uploads\/2025\/05\/QG-Black-Logo@4x.jpg\" alt=\"\" width=\"200\" height=\"95\" \/><\/p>\n<p><img loading=\"lazy\" decoding=\"async\" class=\"alignnone wp-image-52528\" src=\"https:\/\/kalamatadancefestival.gr\/wp-content\/uploads\/2025\/05\/QF-Long-Logo-W-300x300.jpg\" alt=\"\" width=\"200\" height=\"200\" srcset=\"https:\/\/2025.kalamatadancefestival.gr\/wp-content\/uploads\/2025\/05\/QF-Long-Logo-W-300x300.jpg 300w, https:\/\/2025.kalamatadancefestival.gr\/wp-content\/uploads\/2025\/05\/QF-Long-Logo-W-1024x1024.jpg 1024w, https:\/\/2025.kalamatadancefestival.gr\/wp-content\/uploads\/2025\/05\/QF-Long-Logo-W-150x150.jpg 150w, https:\/\/2025.kalamatadancefestival.gr\/wp-content\/uploads\/2025\/05\/QF-Long-Logo-W-768x768.jpg 768w, https:\/\/2025.kalamatadancefestival.gr\/wp-content\/uploads\/2025\/05\/QF-Long-Logo-W-1536x1536.jpg 1536w, https:\/\/2025.kalamatadancefestival.gr\/wp-content\/uploads\/2025\/05\/QF-Long-Logo-W-2048x2048.jpg 2048w\" sizes=\"auto, (max-width: 200px) 100vw, 200px\" \/><\/p>\n<p><img loading=\"lazy\" decoding=\"async\" class=\"alignnone wp-image-52701\" src=\"https:\/\/kalamatadancefestival.gr\/wp-content\/uploads\/2025\/05\/DELTA-PI-LOGO-Main_v2-300x163.jpg\" alt=\"\" width=\"200\" height=\"109\" srcset=\"https:\/\/2025.kalamatadancefestival.gr\/wp-content\/uploads\/2025\/05\/DELTA-PI-LOGO-Main_v2-300x163.jpg 300w, https:\/\/2025.kalamatadancefestival.gr\/wp-content\/uploads\/2025\/05\/DELTA-PI-LOGO-Main_v2-768x418.jpg 768w, https:\/\/2025.kalamatadancefestival.gr\/wp-content\/uploads\/2025\/05\/DELTA-PI-LOGO-Main_v2.jpg 980w\" sizes=\"auto, (max-width: 200px) 100vw, 200px\" \/><\/p>\n<p><img loading=\"lazy\" decoding=\"async\" class=\"alignnone wp-image-52828\" src=\"https:\/\/kalamatadancefestival.gr\/wp-content\/uploads\/2025\/05\/logo_filmhouse.pdf-image-001-300x184.jpg\" alt=\"\" width=\"200\" height=\"123\" srcset=\"https:\/\/2025.kalamatadancefestival.gr\/wp-content\/uploads\/2025\/05\/logo_filmhouse.pdf-image-001-300x184.jpg 300w, https:\/\/2025.kalamatadancefestival.gr\/wp-content\/uploads\/2025\/05\/logo_filmhouse.pdf-image-001.jpg 737w\" sizes=\"auto, (max-width: 200px) 100vw, 200px\" \/>[\/vc_column_text][\/vc_column][vc_column css_animation=&#8221;fadeInUp&#8221; width=&#8221;1\/2&#8243; css=&#8221;.vc_custom_1621924255445{padding-right: 40px !important;padding-bottom: 40px !important;padding-left: 40px !important;background-color: #f2f2f2 !important;}&#8221; el_class=&#8221;columna4&#8243;][vc_column_text css=&#8221;&#8221;]<\/p>\n<h3><strong>Screening Schedule<\/strong><\/h3>\n<p>&nbsp;<\/p>\n<p><strong><img loading=\"lazy\" decoding=\"async\" class=\"alignnone size-medium wp-image-52716\" src=\"https:\/\/kalamatadancefestival.gr\/wp-content\/uploads\/2025\/05\/7.-SYMMETRY-300x141.jpg\" alt=\"\" width=\"300\" height=\"141\" srcset=\"https:\/\/2025.kalamatadancefestival.gr\/wp-content\/uploads\/2025\/05\/7.-SYMMETRY-300x141.jpg 300w, https:\/\/2025.kalamatadancefestival.gr\/wp-content\/uploads\/2025\/05\/7.-SYMMETRY-1024x480.jpg 1024w, https:\/\/2025.kalamatadancefestival.gr\/wp-content\/uploads\/2025\/05\/7.-SYMMETRY-768x360.jpg 768w, https:\/\/2025.kalamatadancefestival.gr\/wp-content\/uploads\/2025\/05\/7.-SYMMETRY-1536x719.jpg 1536w, https:\/\/2025.kalamatadancefestival.gr\/wp-content\/uploads\/2025\/05\/7.-SYMMETRY.jpg 1913w\" sizes=\"auto, (max-width: 300px) 100vw, 300px\" \/><\/strong><\/p>\n<p><strong>Saturday, 19.07 \u2013 18:00<\/strong><br \/>\n<strong>SYMMETRY (2015) \u2013 Ruben Van Leer<\/strong><br \/>\nA poetic musical film that connects science and art, CERN and dance, as a scientist is drawn into a symbolic, existential dance between life, death, and creation.<\/p>\n<p>&nbsp;<\/p>\n<p><strong><img loading=\"lazy\" decoding=\"async\" class=\"alignnone size-medium wp-image-52706\" src=\"https:\/\/kalamatadancefestival.gr\/wp-content\/uploads\/2025\/05\/2.MAGUY-MARIN.jpeg-1-300x139.jpg\" alt=\"\" width=\"300\" height=\"139\" srcset=\"https:\/\/2025.kalamatadancefestival.gr\/wp-content\/uploads\/2025\/05\/2.MAGUY-MARIN.jpeg-1-300x139.jpg 300w, https:\/\/2025.kalamatadancefestival.gr\/wp-content\/uploads\/2025\/05\/2.MAGUY-MARIN.jpeg-1-1024x473.jpg 1024w, https:\/\/2025.kalamatadancefestival.gr\/wp-content\/uploads\/2025\/05\/2.MAGUY-MARIN.jpeg-1-768x355.jpg 768w, https:\/\/2025.kalamatadancefestival.gr\/wp-content\/uploads\/2025\/05\/2.MAGUY-MARIN.jpeg-1-1536x709.jpg 1536w, https:\/\/2025.kalamatadancefestival.gr\/wp-content\/uploads\/2025\/05\/2.MAGUY-MARIN.jpeg-1.jpg 1600w\" sizes=\"auto, (max-width: 300px) 100vw, 300px\" \/><\/strong><\/p>\n<p><strong>Sunday, 20.07 \u2013 18:00 &amp; 22:00<\/strong><br \/>\n<strong>MAGUY MARIN: L\u2019URGENCE D\u2019AGIR (2016) \u2013 David Mambouch<\/strong><br \/>\nA portrait of the iconic French choreographer Maguy Marin, highlighting her radical path\u2014where dance meets politics, social awareness, and the urgency to act.<\/p>\n<p>&nbsp;<\/p>\n<p><strong><img loading=\"lazy\" decoding=\"async\" class=\"alignnone size-medium wp-image-52710\" src=\"https:\/\/kalamatadancefestival.gr\/wp-content\/uploads\/2025\/05\/4.CAR-MEN-300x200.jpg\" alt=\"\" width=\"300\" height=\"200\" srcset=\"https:\/\/2025.kalamatadancefestival.gr\/wp-content\/uploads\/2025\/05\/4.CAR-MEN-300x200.jpg 300w, https:\/\/2025.kalamatadancefestival.gr\/wp-content\/uploads\/2025\/05\/4.CAR-MEN-1024x681.jpg 1024w, https:\/\/2025.kalamatadancefestival.gr\/wp-content\/uploads\/2025\/05\/4.CAR-MEN-768x511.jpg 768w, https:\/\/2025.kalamatadancefestival.gr\/wp-content\/uploads\/2025\/05\/4.CAR-MEN.jpg 1500w\" sizes=\"auto, (max-width: 300px) 100vw, 300px\" \/><\/strong><\/p>\n<p><strong>Monday, 21.07 \u2013 18:00<\/strong><br \/>\n<strong>CAR MEN (2006) \u2013 Boris Paval Conen &amp; Ji\u0159\u00ed Kyli\u00e1n<\/strong><br \/>\nA dance-theatre film full of humor and imagination, where four characters roam an abandoned coal mine, and Bizet\u2019s Carmen meets cinema through Kyli\u00e1n\u2019s inventive lens.<\/p>\n<p>&nbsp;<\/p>\n<p><strong><img loading=\"lazy\" decoding=\"async\" class=\"alignnone size-medium wp-image-52714\" src=\"https:\/\/kalamatadancefestival.gr\/wp-content\/uploads\/2025\/05\/6.COST-OF-LIVING-1-300x167.jpg\" alt=\"\" width=\"300\" height=\"167\" srcset=\"https:\/\/2025.kalamatadancefestival.gr\/wp-content\/uploads\/2025\/05\/6.COST-OF-LIVING-1-300x167.jpg 300w, https:\/\/2025.kalamatadancefestival.gr\/wp-content\/uploads\/2025\/05\/6.COST-OF-LIVING-1-1024x569.jpg 1024w, https:\/\/2025.kalamatadancefestival.gr\/wp-content\/uploads\/2025\/05\/6.COST-OF-LIVING-1-768x427.jpg 768w, https:\/\/2025.kalamatadancefestival.gr\/wp-content\/uploads\/2025\/05\/6.COST-OF-LIVING-1.jpg 1118w\" sizes=\"auto, (max-width: 300px) 100vw, 300px\" \/><\/strong><\/p>\n<p><strong>Tuesday, 22.07 \u2013 18:00<\/strong><br \/>\n<strong>THE COST OF LIVING (2004) \u2013 DV8 Physical Theatre<\/strong><br \/>\nA powerful, subversive film that blends contemporary dance and theatre to sensitively and satirically address issues of identity, disability, and social expectation.<\/p>\n<p>&nbsp;<\/p>\n<p><strong><img loading=\"lazy\" decoding=\"async\" class=\"alignnone size-medium wp-image-52718\" src=\"https:\/\/kalamatadancefestival.gr\/wp-content\/uploads\/2025\/05\/8.-FERRYMAN-1-300x169.jpg\" alt=\"\" width=\"300\" height=\"169\" srcset=\"https:\/\/2025.kalamatadancefestival.gr\/wp-content\/uploads\/2025\/05\/8.-FERRYMAN-1-300x169.jpg 300w, https:\/\/2025.kalamatadancefestival.gr\/wp-content\/uploads\/2025\/05\/8.-FERRYMAN-1-1024x576.jpg 1024w, https:\/\/2025.kalamatadancefestival.gr\/wp-content\/uploads\/2025\/05\/8.-FERRYMAN-1-768x432.jpg 768w, https:\/\/2025.kalamatadancefestival.gr\/wp-content\/uploads\/2025\/05\/8.-FERRYMAN-1-1536x864.jpg 1536w, https:\/\/2025.kalamatadancefestival.gr\/wp-content\/uploads\/2025\/05\/8.-FERRYMAN-1.jpg 1600w\" sizes=\"auto, (max-width: 300px) 100vw, 300px\" \/><\/strong><\/p>\n<p><strong>Wednesday, 23.07 \u2013 18:00<\/strong><br \/>\n<strong>THE FERRYMAN (2016) \u2013 Damien Jalet &amp; Gilles Delmas<\/strong><br \/>\nA hypnotic cinematic ritual on transition, mortality, and humanity\u2019s connection with the elements, choreographed by Damien Jalet.<\/p>\n<p>&nbsp;<\/p>\n<p><strong><img loading=\"lazy\" decoding=\"async\" class=\"alignnone size-medium wp-image-52704\" src=\"https:\/\/kalamatadancefestival.gr\/wp-content\/uploads\/2025\/05\/1.ONE-DAY-PINA-ASKED-300x169.jpg\" alt=\"\" width=\"300\" height=\"169\" srcset=\"https:\/\/2025.kalamatadancefestival.gr\/wp-content\/uploads\/2025\/05\/1.ONE-DAY-PINA-ASKED-300x169.jpg 300w, https:\/\/2025.kalamatadancefestival.gr\/wp-content\/uploads\/2025\/05\/1.ONE-DAY-PINA-ASKED.jpg 700w\" sizes=\"auto, (max-width: 300px) 100vw, 300px\" \/><\/strong><\/p>\n<p><strong>Thursday, 24.07 \u2013 18:00<\/strong><br \/>\n<strong>ONE DAY PINA ASKED\u2026 (1983) \u2013 Chantal Akerman<\/strong><br \/>\nA poetic documentary capturing the genius of Pina Bausch through rehearsals, performances, and her intense yet silent presence, as seen through the singular gaze of Chantal Akerman.<\/p>\n<p>&nbsp;<\/p>\n<p><strong><img loading=\"lazy\" decoding=\"async\" class=\"alignnone size-medium wp-image-52708\" src=\"https:\/\/kalamatadancefestival.gr\/wp-content\/uploads\/2025\/05\/3.THE-BARRE-PROJECT.jpeg-300x186.png\" alt=\"\" width=\"300\" height=\"186\" srcset=\"https:\/\/2025.kalamatadancefestival.gr\/wp-content\/uploads\/2025\/05\/3.THE-BARRE-PROJECT.jpeg-300x186.png 300w, https:\/\/2025.kalamatadancefestival.gr\/wp-content\/uploads\/2025\/05\/3.THE-BARRE-PROJECT.jpeg-1024x634.png 1024w, https:\/\/2025.kalamatadancefestival.gr\/wp-content\/uploads\/2025\/05\/3.THE-BARRE-PROJECT.jpeg-768x475.png 768w, https:\/\/2025.kalamatadancefestival.gr\/wp-content\/uploads\/2025\/05\/3.THE-BARRE-PROJECT.jpeg.png 1268w\" sizes=\"auto, (max-width: 300px) 100vw, 300px\" \/><\/strong><\/p>\n<p><strong>Friday, 25.07 \u2013 18:00<\/strong><br \/>\n<strong>THE BARRE PROJECT (2020) \u2013 William Forsythe<\/strong><br \/>\nA filmic work chronicling the creation of a ballet \u00e9tude for the screen, with Tiler Peck (New York City Ballet) performing a physical symphony of precision and inner rhythm under the direction of William Forsythe.<\/p>\n<p>&nbsp;<\/p>\n<p><img loading=\"lazy\" decoding=\"async\" class=\"alignnone size-medium wp-image-52712\" src=\"https:\/\/kalamatadancefestival.gr\/wp-content\/uploads\/2025\/05\/5.TRANSEPT-300x225.jpg\" alt=\"\" width=\"300\" height=\"225\" srcset=\"https:\/\/2025.kalamatadancefestival.gr\/wp-content\/uploads\/2025\/05\/5.TRANSEPT-300x225.jpg 300w, https:\/\/2025.kalamatadancefestival.gr\/wp-content\/uploads\/2025\/05\/5.TRANSEPT-1024x768.jpg 1024w, https:\/\/2025.kalamatadancefestival.gr\/wp-content\/uploads\/2025\/05\/5.TRANSEPT-768x576.jpg 768w, https:\/\/2025.kalamatadancefestival.gr\/wp-content\/uploads\/2025\/05\/5.TRANSEPT.jpg 1067w\" sizes=\"auto, (max-width: 300px) 100vw, 300px\" \/><\/p>\n<p><strong>Saturday, 26.07 \u2013 18:00<\/strong><br \/>\n<strong>TRANSEPT (2023) \u2013 Boris Charmatz &amp; C\u00e9sar Vayssi\u00e9<\/strong><br \/>\nAn audiovisual experiment redefining the performance experience, with Boris Charmatz performing and C\u00e9sar Vayssi\u00e9 filming, time and space merge into an ecstatic flow.<\/p>\n<p>&nbsp;<\/p>\n<p><strong>Sunday, 27.07 \u2013 18:00<\/strong><br \/>\n<strong>Big Plans \u2013 WORKSHOP PRESENTATION<\/strong><br \/>\nPresentation of short dance films created by participants in the Big Plans workshop, in collaboration with Andi Xhuma. A glimpse into a new generation of creators, through the language of the body and the lens.[\/vc_column_text][\/vc_column][\/vc_row]<\/p>\n<\/div>","protected":false},"excerpt":{"rendered":"<p>[vc_row css_animation=&#8221;fadeInUp&#8221; bg_type=&#8221;bg_color&#8221; bg_override=&#8221;full&#8221; bg_color_value=&#8221;#FE4C08&#8243; el_id=&#8221;titol&#8221;][vc_column][vc_column_text css=&#8221;&#8221; el_class=&#8221;divsTitol&#8221;] KIDFDancing on Screen Calendar of events [\/vc_column_text][\/vc_column][\/vc_row][vc_row full_width=&#8221;stretch_row_content_no_spaces&#8221; content_placement=&#8221;middle&#8221; css_animation=&#8221;fadeInUp&#8221; bg_type=&#8221;bg_color&#8221; bg_override=&#8221;full&#8221; bg_color_value=&#8221;#f2f2f2&#8243;][vc_column css_animation=&#8221;none&#8221; css=&#8221;.vc_custom_1621926085761{padding-top: 0px !important;background-color: #f2f2f2 !important;}&#8221; el_class=&#8221;columna1&#8243;][vc_column_text css=&#8221;.vc_custom_1747828331241{margin-bottom: 0px !important;}&#8221;][\/vc_column_text][\/vc_column][\/vc_row][vc_row equal_height=&#8221;yes&#8221;][vc_column css_animation=&#8221;fadeInUp&#8221; width=&#8221;1\/2&#8243; el_class=&#8221;columna3&#8243; css=&#8221;.vc_custom_1621924248021{padding-right: 40px !important;padding-bottom: 40px !important;padding-left: 40px !important;}&#8221;][vc_column_text css=&#8221;&#8221;] Dancing on Screen 19-27.07 | 18:00 Kalamata Labour Centre \u201cTheo Angelopoulos\u201d Amphitheatre&hellip;<\/p>\n","protected":false},"author":5,"featured_media":0,"parent":0,"menu_order":0,"comment_status":"closed","ping_status":"closed","template":"","meta":{"_acf_changed":false,"footnotes":""},"class_list":["post-52517","page","type-page","status-publish","hentry","description-off"],"acf":[],"yoast_head":"<!-- This site is optimized with the Yoast SEO plugin v24.0 - https:\/\/yoast.com\/wordpress\/plugins\/seo\/ -->\n<title>Dancing on Screen - 31st Kalamata International Dance Festival<\/title>\n<meta name=\"description\" content=\"Dancing on Screen - 31st Kalamata International Dance Festival - KIDF, from 18 to 27 July 2025.\" \/>\n<meta name=\"robots\" content=\"noindex, follow, max-snippet:-1, max-image-preview:large, max-video-preview:-1\" \/>\n<meta property=\"og:locale\" content=\"en_US\" \/>\n<meta property=\"og:type\" content=\"article\" \/>\n<meta property=\"og:title\" content=\"Dancing on Screen - 31st Kalamata International Dance Festival\" \/>\n<meta property=\"og:description\" content=\"Dancing on Screen - 31st Kalamata International Dance Festival - KIDF, from 18 to 27 July 2025.\" \/>\n<meta property=\"og:url\" content=\"https:\/\/2025.kalamatadancefestival.gr\/dancing-on-screen\/\" \/>\n<meta property=\"og:site_name\" content=\"Kalamata Dance Festival\" \/>\n<meta property=\"article:modified_time\" content=\"2025-07-14T15:52:36+00:00\" \/>\n<meta property=\"og:image\" content=\"https:\/\/kalamatadancefestival.gr\/wp-content\/uploads\/2022\/03\/marxador_slide.svg\" \/>\n<meta name=\"twitter:card\" content=\"summary_large_image\" \/>\n<meta name=\"twitter:label1\" content=\"Est. reading time\" \/>\n\t<meta name=\"twitter:data1\" content=\"7 minutes\" \/>\n<script type=\"application\/ld+json\" class=\"yoast-schema-graph\">{\"@context\":\"https:\/\/schema.org\",\"@graph\":[{\"@type\":\"WebPage\",\"@id\":\"https:\/\/2025.kalamatadancefestival.gr\/dancing-on-screen\/\",\"url\":\"https:\/\/2025.kalamatadancefestival.gr\/dancing-on-screen\/\",\"name\":\"Dancing on Screen - 31st Kalamata International Dance Festival\",\"isPartOf\":{\"@id\":\"https:\/\/2025.kalamatadancefestival.gr\/#website\"},\"primaryImageOfPage\":{\"@id\":\"https:\/\/2025.kalamatadancefestival.gr\/dancing-on-screen\/#primaryimage\"},\"image\":{\"@id\":\"https:\/\/2025.kalamatadancefestival.gr\/dancing-on-screen\/#primaryimage\"},\"thumbnailUrl\":\"https:\/\/kalamatadancefestival.gr\/wp-content\/uploads\/2022\/03\/marxador_slide.svg\",\"datePublished\":\"2025-05-10T10:43:55+00:00\",\"dateModified\":\"2025-07-14T15:52:36+00:00\",\"description\":\"Dancing on Screen - 31st Kalamata International Dance Festival - KIDF, from 18 to 27 July 2025.\",\"breadcrumb\":{\"@id\":\"https:\/\/2025.kalamatadancefestival.gr\/dancing-on-screen\/#breadcrumb\"},\"inLanguage\":\"en-US\",\"potentialAction\":[{\"@type\":\"ReadAction\",\"target\":[\"https:\/\/2025.kalamatadancefestival.gr\/dancing-on-screen\/\"]}]},{\"@type\":\"ImageObject\",\"inLanguage\":\"en-US\",\"@id\":\"https:\/\/2025.kalamatadancefestival.gr\/dancing-on-screen\/#primaryimage\",\"url\":\"https:\/\/kalamatadancefestival.gr\/wp-content\/uploads\/2022\/03\/marxador_slide.svg\",\"contentUrl\":\"https:\/\/kalamatadancefestival.gr\/wp-content\/uploads\/2022\/03\/marxador_slide.svg\"},{\"@type\":\"BreadcrumbList\",\"@id\":\"https:\/\/2025.kalamatadancefestival.gr\/dancing-on-screen\/#breadcrumb\",\"itemListElement\":[{\"@type\":\"ListItem\",\"position\":1,\"name\":\"Home\",\"item\":\"https:\/\/2025.kalamatadancefestival.gr\/\"},{\"@type\":\"ListItem\",\"position\":2,\"name\":\"Dancing on Screen\"}]},{\"@type\":\"WebSite\",\"@id\":\"https:\/\/2025.kalamatadancefestival.gr\/#website\",\"url\":\"https:\/\/2025.kalamatadancefestival.gr\/\",\"name\":\"Kalamata Dance Festival\",\"description\":\"Kalamata Dance Festival\",\"publisher\":{\"@id\":\"https:\/\/2025.kalamatadancefestival.gr\/#organization\"},\"potentialAction\":[{\"@type\":\"SearchAction\",\"target\":{\"@type\":\"EntryPoint\",\"urlTemplate\":\"https:\/\/2025.kalamatadancefestival.gr\/?s={search_term_string}\"},\"query-input\":{\"@type\":\"PropertyValueSpecification\",\"valueRequired\":true,\"valueName\":\"search_term_string\"}}],\"inLanguage\":\"en-US\"},{\"@type\":\"Organization\",\"@id\":\"https:\/\/2025.kalamatadancefestival.gr\/#organization\",\"name\":\"Kalamata Dance Festival\",\"url\":\"https:\/\/2025.kalamatadancefestival.gr\/\",\"logo\":{\"@type\":\"ImageObject\",\"inLanguage\":\"en-US\",\"@id\":\"https:\/\/2025.kalamatadancefestival.gr\/#\/schema\/logo\/image\/\",\"url\":\"https:\/\/kalamatadancefestival.gr\/wp-content\/uploads\/2021\/05\/imatge_share_previous_editions.jpg\",\"contentUrl\":\"https:\/\/kalamatadancefestival.gr\/wp-content\/uploads\/2021\/05\/imatge_share_previous_editions.jpg\",\"width\":600,\"height\":315,\"caption\":\"Kalamata Dance Festival\"},\"image\":{\"@id\":\"https:\/\/2025.kalamatadancefestival.gr\/#\/schema\/logo\/image\/\"}}]}<\/script>\n<!-- \/ Yoast SEO plugin. -->","yoast_head_json":{"title":"Dancing on Screen - 31st Kalamata International Dance Festival","description":"Dancing on Screen - 31st Kalamata International Dance Festival - KIDF, from 18 to 27 July 2025.","robots":{"index":"noindex","follow":"follow","max-snippet":"max-snippet:-1","max-image-preview":"max-image-preview:large","max-video-preview":"max-video-preview:-1"},"og_locale":"en_US","og_type":"article","og_title":"Dancing on Screen - 31st Kalamata International Dance Festival","og_description":"Dancing on Screen - 31st Kalamata International Dance Festival - KIDF, from 18 to 27 July 2025.","og_url":"https:\/\/2025.kalamatadancefestival.gr\/dancing-on-screen\/","og_site_name":"Kalamata Dance Festival","article_modified_time":"2025-07-14T15:52:36+00:00","og_image":[{"url":"https:\/\/kalamatadancefestival.gr\/wp-content\/uploads\/2022\/03\/marxador_slide.svg","type":"","width":"","height":""}],"twitter_card":"summary_large_image","twitter_misc":{"Est. reading time":"7 minutes"},"schema":{"@context":"https:\/\/schema.org","@graph":[{"@type":"WebPage","@id":"https:\/\/2025.kalamatadancefestival.gr\/dancing-on-screen\/","url":"https:\/\/2025.kalamatadancefestival.gr\/dancing-on-screen\/","name":"Dancing on Screen - 31st Kalamata International Dance Festival","isPartOf":{"@id":"https:\/\/2025.kalamatadancefestival.gr\/#website"},"primaryImageOfPage":{"@id":"https:\/\/2025.kalamatadancefestival.gr\/dancing-on-screen\/#primaryimage"},"image":{"@id":"https:\/\/2025.kalamatadancefestival.gr\/dancing-on-screen\/#primaryimage"},"thumbnailUrl":"https:\/\/kalamatadancefestival.gr\/wp-content\/uploads\/2022\/03\/marxador_slide.svg","datePublished":"2025-05-10T10:43:55+00:00","dateModified":"2025-07-14T15:52:36+00:00","description":"Dancing on Screen - 31st Kalamata International Dance Festival - KIDF, from 18 to 27 July 2025.","breadcrumb":{"@id":"https:\/\/2025.kalamatadancefestival.gr\/dancing-on-screen\/#breadcrumb"},"inLanguage":"en-US","potentialAction":[{"@type":"ReadAction","target":["https:\/\/2025.kalamatadancefestival.gr\/dancing-on-screen\/"]}]},{"@type":"ImageObject","inLanguage":"en-US","@id":"https:\/\/2025.kalamatadancefestival.gr\/dancing-on-screen\/#primaryimage","url":"https:\/\/kalamatadancefestival.gr\/wp-content\/uploads\/2022\/03\/marxador_slide.svg","contentUrl":"https:\/\/kalamatadancefestival.gr\/wp-content\/uploads\/2022\/03\/marxador_slide.svg"},{"@type":"BreadcrumbList","@id":"https:\/\/2025.kalamatadancefestival.gr\/dancing-on-screen\/#breadcrumb","itemListElement":[{"@type":"ListItem","position":1,"name":"Home","item":"https:\/\/2025.kalamatadancefestival.gr\/"},{"@type":"ListItem","position":2,"name":"Dancing on Screen"}]},{"@type":"WebSite","@id":"https:\/\/2025.kalamatadancefestival.gr\/#website","url":"https:\/\/2025.kalamatadancefestival.gr\/","name":"Kalamata Dance Festival","description":"Kalamata Dance Festival","publisher":{"@id":"https:\/\/2025.kalamatadancefestival.gr\/#organization"},"potentialAction":[{"@type":"SearchAction","target":{"@type":"EntryPoint","urlTemplate":"https:\/\/2025.kalamatadancefestival.gr\/?s={search_term_string}"},"query-input":{"@type":"PropertyValueSpecification","valueRequired":true,"valueName":"search_term_string"}}],"inLanguage":"en-US"},{"@type":"Organization","@id":"https:\/\/2025.kalamatadancefestival.gr\/#organization","name":"Kalamata Dance Festival","url":"https:\/\/2025.kalamatadancefestival.gr\/","logo":{"@type":"ImageObject","inLanguage":"en-US","@id":"https:\/\/2025.kalamatadancefestival.gr\/#\/schema\/logo\/image\/","url":"https:\/\/kalamatadancefestival.gr\/wp-content\/uploads\/2021\/05\/imatge_share_previous_editions.jpg","contentUrl":"https:\/\/kalamatadancefestival.gr\/wp-content\/uploads\/2021\/05\/imatge_share_previous_editions.jpg","width":600,"height":315,"caption":"Kalamata Dance Festival"},"image":{"@id":"https:\/\/2025.kalamatadancefestival.gr\/#\/schema\/logo\/image\/"}}]}},"_links":{"self":[{"href":"https:\/\/2025.kalamatadancefestival.gr\/en\/wp-json\/wp\/v2\/pages\/52517","targetHints":{"allow":["GET"]}}],"collection":[{"href":"https:\/\/2025.kalamatadancefestival.gr\/en\/wp-json\/wp\/v2\/pages"}],"about":[{"href":"https:\/\/2025.kalamatadancefestival.gr\/en\/wp-json\/wp\/v2\/types\/page"}],"author":[{"embeddable":true,"href":"https:\/\/2025.kalamatadancefestival.gr\/en\/wp-json\/wp\/v2\/users\/5"}],"replies":[{"embeddable":true,"href":"https:\/\/2025.kalamatadancefestival.gr\/en\/wp-json\/wp\/v2\/comments?post=52517"}],"version-history":[{"count":16,"href":"https:\/\/2025.kalamatadancefestival.gr\/en\/wp-json\/wp\/v2\/pages\/52517\/revisions"}],"predecessor-version":[{"id":54404,"href":"https:\/\/2025.kalamatadancefestival.gr\/en\/wp-json\/wp\/v2\/pages\/52517\/revisions\/54404"}],"wp:attachment":[{"href":"https:\/\/2025.kalamatadancefestival.gr\/en\/wp-json\/wp\/v2\/media?parent=52517"}],"curies":[{"name":"wp","href":"https:\/\/api.w.org\/{rel}","templated":true}]}}